{"id":13,"date":"2024-04-01T11:43:39","date_gmt":"2024-04-01T11:43:39","guid":{"rendered":"https:\/\/graficaonline.osninjas.pt\/?post_type=product&#038;p=13"},"modified":"2024-04-10T16:51:52","modified_gmt":"2024-04-10T16:51:52","slug":"roda-da-sorte-personalizada","status":"publish","type":"product","link":"https:\/\/graficaonline.osninjas.pt\/index.php\/product\/roda-da-sorte-personalizada\/","title":{"rendered":"Roda da sorte personalizada"},"content":{"rendered":"<h2>Roda da Sorte Personalizada para Feiras e Stands<\/h2>\n<p>Est\u00e1 \u00e0 procura de uma forma divertida e interativa de atrair visitantes para o seu stand em feiras e eventos? Apresentamos a roda da sorte personalizada, uma op\u00e7\u00e3o perfeita para criar um ambiente animado e envolvente.<\/p>\n<h2>Como funciona?<\/h2>\n<p>A roda da sorte \u00e9 um jogo cl\u00e1ssico que todos adoram. Com a nossa vers\u00e3o personalizada, pode adicionar o logotipo da sua empresa, cores e at\u00e9 mesmo pr\u00e9mios exclusivos. Os participantes giram a roda e ganham pr\u00e9mios emocionantes, desde descontos especiais at\u00e9 brindes exclusivos.<\/p>\n<p>A roda da sorte \u00e9 f\u00e1cil de montar e desmontar, tornando-a perfeita para feiras e eventos itinerantes. \u00c9 compacta e pode ser facilmente transportada para qualquer local.<\/p>\n<h2>Benef\u00edcios da roda da sorte personalizada<\/h2>\n<p>A roda da sorte personalizada oferece uma s\u00e9rie de benef\u00edcios para o seu stand em feiras e eventos. Al\u00e9m de atrair a aten\u00e7\u00e3o dos visitantes, tamb\u00e9m ajuda a promover a sua marca de forma divertida e memor\u00e1vel. Os participantes v\u00e3o adorar a emo\u00e7\u00e3o de girar a roda e descobrir o que ganharam.<\/p>\n<p>Al\u00e9m disso, a roda da sorte \u00e9 uma excelente ferramenta para recolher informa\u00e7\u00f5es de contato dos participantes. Pode oferecer a oportunidade de girar a roda em troca de um registo r\u00e1pido, permitindo que entre em contacto posteriormente para oferecer promo\u00e7\u00f5es exclusivas ou atualiza\u00e7\u00f5es sobre os seus produtos e servi\u00e7os.<\/p>\n<p>Invista na roda da sorte personalizada para feiras e stands e veja o aumento do fluxo de visitantes e o envolvimento com a sua marca. Entre em contacto conosco hoje mesmo para saber mais!<\/p>\n<p>Medidas 50&#215;200 cms na base e a roda tem 60 cms de diametro.<\/p>\n<p>Para outras medidas contacte-nos para or\u00e7amento: orcamentos@osninjas.pt.<\/p>\n","protected":false},"excerpt":{"rendered":"<p>A roda da sorte personalizada \u00e9 uma op\u00e7\u00e3o perfeita para criar um ambiente animado e envolvente.<\/p>\n<p>Medidas 50&#215;200 cms na base e a roda tem 60 cms de diametro.<\/p>\n<p>Para outras medidas contacte-nos para or\u00e7amento: orcamentos@osninjas.pt.<\/p>\n","protected":false},"featured_media":123,"comment_status":"open","ping_status":"closed","template":"","meta":[],"product_brand":[],"product_cat":[18,17,16],"product_tag":[27,21,28,25,20,24,22,23,19,26],"class_list":{"0":"post-13","1":"product","2":"type-product","3":"status-publish","4":"has-post-thumbnail","6":"product_cat-feiras-e-eventos","7":"product_cat-sinaletica","8":"product_cat-sistemas-de-exposicao","9":"product_tag-acessorios-para-jogos-promocionais","10":"product_tag-brindes-promocionais","11":"product_tag-elementos-de-marketing-interativo","12":"product_tag-equipamentos-de-promocao-de-marca","13":"product_tag-jogos-de-feiras-e-eventos","14":"product_tag-materiais-promocionais-personalizados","15":"product_tag-material-promocional-interativo","16":"product_tag-produtos-de-marketing-de-eventos","17":"product_tag-roda-da-sorte-personalizada","18":"product_tag-rodas-da-fortuna-personalizadas","19":"product_shipping_class-ate-5-kgs","21":"first","22":"onbackorder","23":"featured","24":"taxable","25":"shipping-taxable","26":"purchasable","27":"product-type-simple"},"_links":{"self":[{"href":"https:\/\/graficaonline.osninjas.pt\/index.php\/wp-json\/wp\/v2\/product\/13","targetHints":{"allow":["GET"]}}],"collection":[{"href":"https:\/\/graficaonline.osninjas.pt\/index.php\/wp-json\/wp\/v2\/product"}],"about":[{"href":"https:\/\/graficaonline.osninjas.pt\/index.php\/wp-json\/wp\/v2\/types\/product"}],"replies":[{"embeddable":true,"href":"https:\/\/graficaonline.osninjas.pt\/index.php\/wp-json\/wp\/v2\/comments?post=13"}],"wp:featuredmedia":[{"embeddable":true,"href":"https:\/\/graficaonline.osninjas.pt\/index.php\/wp-json\/wp\/v2\/media\/123"}],"wp:attachment":[{"href":"https:\/\/graficaonline.osninjas.pt\/index.php\/wp-json\/wp\/v2\/media?parent=13"}],"wp:term":[{"taxonomy":"product_brand","embeddable":true,"href":"https:\/\/graficaonline.osninjas.pt\/index.php\/wp-json\/wp\/v2\/product_brand?post=13"},{"taxonomy":"product_cat","embeddable":true,"href":"https:\/\/graficaonline.osninjas.pt\/index.php\/wp-json\/wp\/v2\/product_cat?post=13"},{"taxonomy":"product_tag","embeddable":true,"href":"https:\/\/graficaonline.osninjas.pt\/index.php\/wp-json\/wp\/v2\/product_tag?post=13"}],"curies":[{"name":"wp","href":"https:\/\/api.w.org\/{rel}","templated":true}]}}